{"id":2923,"date":"2012-07-27T08:00:29","date_gmt":"2012-07-27T06:00:29","guid":{"rendered":"http:\/\/chemifarma.it\/multi\/linea-terapia-veterinaria\/"},"modified":"2025-07-10T10:45:00","modified_gmt":"2025-07-10T08:45:00","slug":"linea-terapia-veterinaria","status":"publish","type":"page","link":"http:\/\/chemifarma.it\/multi\/linea-terapia-veterinaria\/?lang=fr","title":{"rendered":"Ligne Th\u00e9rapie V\u00e9t\u00e9rinaire"},"content":{"rendered":"Devi essere connesso per visualizzare questo contenuto.","protected":false},"excerpt":{"rendered":"Devi essere connesso per visualizzare questo contenuto.","protected":false},"author":1,"featured_media":0,"parent":0,"menu_order":0,"comment_status":"closed","ping_status":"closed","template":"fullpage.php","meta":{"_monsterinsights_skip_tracking":false,"_monsterinsights_sitenote_active":false,"_monsterinsights_sitenote_note":"","_monsterinsights_sitenote_category":0,"footnotes":""},"_links":{"self":[{"href":"http:\/\/chemifarma.it\/multi\/wp-json\/wp\/v2\/pages\/2923"}],"collection":[{"href":"http:\/\/chemifarma.it\/multi\/wp-json\/wp\/v2\/pages"}],"about":[{"href":"http:\/\/chemifarma.it\/multi\/wp-json\/wp\/v2\/types\/page"}],"author":[{"embeddable":true,"href":"http:\/\/chemifarma.it\/multi\/wp-json\/wp\/v2\/users\/1"}],"replies":[{"embeddable":true,"href":"http:\/\/chemifarma.it\/multi\/wp-json\/wp\/v2\/comments?post=2923"}],"version-history":[{"count":30,"href":"http:\/\/chemifarma.it\/multi\/wp-json\/wp\/v2\/pages\/2923\/revisions"}],"predecessor-version":[{"id":4725,"href":"http:\/\/chemifarma.it\/multi\/wp-json\/wp\/v2\/pages\/2923\/revisions\/4725"}],"wp:attachment":[{"href":"http:\/\/chemifarma.it\/multi\/wp-json\/wp\/v2\/media?parent=2923"}],"curies":[{"name":"wp","href":"https:\/\/api.w.org\/{rel}","templated":true}]}}