{"id":2001,"date":"2012-08-22T22:58:15","date_gmt":"2012-08-22T20:58:15","guid":{"rendered":"http:\/\/chemifarma.it\/multi\/home-2\/"},"modified":"2022-03-04T18:19:03","modified_gmt":"2022-03-04T17:19:03","slug":"home","status":"publish","type":"page","link":"https:\/\/chemifarma.it\/multi\/home\/?lang=pt-br","title":{"rendered":"EMPRESA"},"content":{"rendered":"<p><body oncontextmenu=\"return false\" ondragstart=\"return false\" onselectstart=\"return false\"><br \/>\n&nbsp;<\/p>\n<h3>HIST\u00d3RIA<\/h3>\n<p>Foi em 1976, quando Iliano Romagnoli, depois de ter analisado cuidadosamente a economia produtiva do territ\u00f3rio de Forl\u00ec e Romagna, no campo de aves e coelhos, identificando um dos mais ativos e constantemente em expans\u00e3o, ele decidiu dar vida a Chemifarma S.p.A., uma empresa farmac\u00eautica especializada em medicamentos para\u00a0uso de animais e suplementos nutricionais.<\/p>\n<p>Demorou alguns anos para a empresa ultrapassar as barreiras estreitas de Forl\u00ec para se estabelecer como primeiro produtor nacional, depois venho o sucesso internacional decretando sem d\u00favida reconhecido no mercado de Chemifarma. na produ\u00e7\u00e3o de produtos com padr\u00f5es de qualidade nos n\u00edveis mais altos.<\/p>\n<p>A vis\u00e3o de Iliano Romagnoli, a sua vitalidade e seu esfor\u00e7o constante, tem sido a base s\u00f3lida de uma empresa e um grupo de homens e mulheres que trouxeram inova\u00e7\u00e3o e tecnologia avan\u00e7ada no campo da medicina veterin\u00e1ria.<\/p>\n<p>Um entusiasmo e empenho que conseguiu transmitir \u00e0 nova gera\u00e7\u00e3o da fam\u00edlia que agora lidera Chemifarma seguindo seus tra\u00e7os indel\u00e9veis, ciente de que o trabalho feito ontem pelo fundador tem sido fundamental para o sucesso da empresa.<\/p>\n<p><strong>Categorias de Produtos:<\/strong><\/p>\n<table>\n<tbody>\n<tr>\n<td><a href=\"http:\/\/chemifarma.it\/multi\/linea-terapia-veterinaria\/\" target=\"_blank\" rel=\"noopener noreferrer\"><img loading=\"lazy\" decoding=\"async\" class=\"aligncenter size-thumbnail wp-image-3036\" src=\"http:\/\/chemifarma.it\/multi\/wp-content\/uploads\/2020\/10\/TV_po-4.jpg\" alt=\"\" width=\"150\" height=\"150\" \/><\/a><\/td>\n<td><a href=\"http:\/\/chemifarma.it\/multi\/linea-nutrizione-animale\/\" target=\"_blank\" rel=\"noopener noreferrer\"><img loading=\"lazy\" decoding=\"async\" class=\"aligncenter size-thumbnail wp-image-3035\" src=\"http:\/\/chemifarma.it\/multi\/wp-content\/uploads\/2020\/10\/NA_po-4.jpg\" alt=\"\" width=\"150\" height=\"150\" \/><\/a><\/td>\n<td><a href=\"http:\/\/chemifarma.it\/multi\/linea-bio-sicurezza\/\" target=\"_blank\" rel=\"noopener noreferrer\"><img loading=\"lazy\" decoding=\"async\" class=\"aligncenter size-thumbnail wp-image-3034\" src=\"http:\/\/chemifarma.it\/multi\/wp-content\/uploads\/2020\/10\/DIS_po-4.jpg\" alt=\"\" width=\"150\" height=\"150\" \/><\/a><\/td>\n<\/tr>\n<\/tbody>\n<\/table>\n<p>&nbsp;<\/p>\n","protected":false},"excerpt":{"rendered":"<p>&nbsp; HIST\u00d3RIA Foi em 1976, quando Iliano Romagnoli, depois de ter analisado cuidadosamente a economia produtiva do territ\u00f3rio de Forl\u00ec e Romagna, no campo de aves e coelhos, identificando um dos mais ativos e constantemente em expans\u00e3o, ele decidiu dar vida a Chemifarma S.p.A., uma empresa farmac\u00eautica especializada em medicamentos para\u00a0uso de animais e suplementos [&hellip;]<\/p>\n","protected":false},"author":1,"featured_media":1496,"parent":0,"menu_order":1,"comment_status":"closed","ping_status":"closed","template":"","meta":{"_monsterinsights_skip_tracking":false,"_monsterinsights_sitenote_active":false,"_monsterinsights_sitenote_note":"","_monsterinsights_sitenote_category":0,"footnotes":""},"_links":{"self":[{"href":"https:\/\/chemifarma.it\/multi\/wp-json\/wp\/v2\/pages\/2001"}],"collection":[{"href":"https:\/\/chemifarma.it\/multi\/wp-json\/wp\/v2\/pages"}],"about":[{"href":"https:\/\/chemifarma.it\/multi\/wp-json\/wp\/v2\/types\/page"}],"author":[{"embeddable":true,"href":"https:\/\/chemifarma.it\/multi\/wp-json\/wp\/v2\/users\/1"}],"replies":[{"embeddable":true,"href":"https:\/\/chemifarma.it\/multi\/wp-json\/wp\/v2\/comments?post=2001"}],"version-history":[{"count":4,"href":"https:\/\/chemifarma.it\/multi\/wp-json\/wp\/v2\/pages\/2001\/revisions"}],"predecessor-version":[{"id":3406,"href":"https:\/\/chemifarma.it\/multi\/wp-json\/wp\/v2\/pages\/2001\/revisions\/3406"}],"wp:featuredmedia":[{"embeddable":true,"href":"https:\/\/chemifarma.it\/multi\/wp-json\/wp\/v2\/media\/1496"}],"wp:attachment":[{"href":"https:\/\/chemifarma.it\/multi\/wp-json\/wp\/v2\/media?parent=2001"}],"curies":[{"name":"wp","href":"https:\/\/api.w.org\/{rel}","templated":true}]}}