{"id":3049,"date":"2020-03-19T15:16:39","date_gmt":"2020-03-19T14:16:39","guid":{"rendered":"http:\/\/chemifarma.it\/multi\/linea-nutrizione-animale\/"},"modified":"2022-03-02T17:59:21","modified_gmt":"2022-03-02T16:59:21","slug":"linea-nutrizione-animale","status":"publish","type":"page","link":"https:\/\/chemifarma.it\/multi\/linea-nutrizione-animale\/?lang=pt-br","title":{"rendered":"L\u00ednea Nutri\u00e7\u00e3o Animal"},"content":{"rendered":"Devi essere connesso per visualizzare questo contenuto.","protected":false},"excerpt":{"rendered":"Devi essere connesso per visualizzare questo contenuto.","protected":false},"author":1,"featured_media":0,"parent":0,"menu_order":0,"comment_status":"closed","ping_status":"closed","template":"fullpage.php","meta":{"_monsterinsights_skip_tracking":false,"_monsterinsights_sitenote_active":false,"_monsterinsights_sitenote_note":"","_monsterinsights_sitenote_category":0,"footnotes":""},"_links":{"self":[{"href":"https:\/\/chemifarma.it\/multi\/wp-json\/wp\/v2\/pages\/3049"}],"collection":[{"href":"https:\/\/chemifarma.it\/multi\/wp-json\/wp\/v2\/pages"}],"about":[{"href":"https:\/\/chemifarma.it\/multi\/wp-json\/wp\/v2\/types\/page"}],"author":[{"embeddable":true,"href":"https:\/\/chemifarma.it\/multi\/wp-json\/wp\/v2\/users\/1"}],"replies":[{"embeddable":true,"href":"https:\/\/chemifarma.it\/multi\/wp-json\/wp\/v2\/comments?post=3049"}],"version-history":[{"count":7,"href":"https:\/\/chemifarma.it\/multi\/wp-json\/wp\/v2\/pages\/3049\/revisions"}],"predecessor-version":[{"id":3325,"href":"https:\/\/chemifarma.it\/multi\/wp-json\/wp\/v2\/pages\/3049\/revisions\/3325"}],"wp:attachment":[{"href":"https:\/\/chemifarma.it\/multi\/wp-json\/wp\/v2\/media?parent=3049"}],"curies":[{"name":"wp","href":"https:\/\/api.w.org\/{rel}","templated":true}]}}